{"id":3778,"date":"2026-02-19T10:33:33","date_gmt":"2026-02-19T07:33:33","guid":{"rendered":"https:\/\/invertormerkezi.com\/?post_type=product&#038;p=3778"},"modified":"2026-02-19T10:33:33","modified_gmt":"2026-02-19T07:33:33","slug":"abb-acs800-45-kw-surucu-acs800-01-0050-3","status":"publish","type":"product","link":"https:\/\/invertormerkezi.com\/index.php\/urun\/abb-acs800-45-kw-surucu-acs800-01-0050-3\/","title":{"rendered":"ABB ACS800 45 KW S\u00dcR\u00dcC\u00dc ACS800-01-0050-3"},"content":{"rendered":"<p>ABB ACS800 45 KW S\u00dcR\u00dcC\u00dc ACS800-01-0050-3<br \/>\n#ABB, #ACS800, #45KW, #ACS800-01-0050-3<\/p>\n","protected":false},"excerpt":{"rendered":"<p>ABB ACS800 45 KW S\u00dcR\u00dcC\u00dc ACS800-01-0050-3<br \/>\n#ABB, #ACS800, #45KW, #ACS800-01-0050-3<\/p>\n","protected":false},"featured_media":3780,"comment_status":"open","ping_status":"closed","template":"","meta":{"om_disable_all_campaigns":false,"_monsterinsights_skip_tracking":false,"_monsterinsights_sitenote_active":false,"_monsterinsights_sitenote_note":"","_monsterinsights_sitenote_category":0,"site-sidebar-layout":"default","site-content-layout":"default","ast-global-header-display":"","ast-main-header-display":"","ast-hfb-above-header-display":"","ast-hfb-below-header-display":"","ast-hfb-mobile-header-display":"","site-post-title":"","ast-breadcrumbs-content":"","ast-featured-img":"","footer-sml-layout":"","theme-transparent-header-meta":"default","adv-header-id-meta":"","stick-header-meta":"","header-above-stick-meta":"","header-main-stick-meta":"","header-below-stick-meta":""},"product_cat":[16,70,131],"product_tag":[62,338,541,432,230,67],"aioseo_notices":[],"_links":{"self":[{"href":"https:\/\/invertormerkezi.com\/index.php\/wp-json\/wp\/v2\/product\/3778"}],"collection":[{"href":"https:\/\/invertormerkezi.com\/index.php\/wp-json\/wp\/v2\/product"}],"about":[{"href":"https:\/\/invertormerkezi.com\/index.php\/wp-json\/wp\/v2\/types\/product"}],"replies":[{"embeddable":true,"href":"https:\/\/invertormerkezi.com\/index.php\/wp-json\/wp\/v2\/comments?post=3778"}],"wp:featuredmedia":[{"embeddable":true,"href":"https:\/\/invertormerkezi.com\/index.php\/wp-json\/wp\/v2\/media\/3780"}],"wp:attachment":[{"href":"https:\/\/invertormerkezi.com\/index.php\/wp-json\/wp\/v2\/media?parent=3778"}],"wp:term":[{"taxonomy":"product_cat","embeddable":true,"href":"https:\/\/invertormerkezi.com\/index.php\/wp-json\/wp\/v2\/product_cat?post=3778"},{"taxonomy":"product_tag","embeddable":true,"href":"https:\/\/invertormerkezi.com\/index.php\/wp-json\/wp\/v2\/product_tag?post=3778"}],"curies":[{"name":"wp","href":"https:\/\/api.w.org\/{rel}","templated":true}]}}