{"id":3807,"date":"2026-02-21T11:47:30","date_gmt":"2026-02-21T08:47:30","guid":{"rendered":"https:\/\/invertormerkezi.com\/?post_type=product&#038;p=3807"},"modified":"2026-02-21T11:47:30","modified_gmt":"2026-02-21T08:47:30","slug":"allen-bradley-powerflex-075-kw-surucu-22b-d2p3n104","status":"publish","type":"product","link":"https:\/\/invertormerkezi.com\/index.php\/urun\/allen-bradley-powerflex-075-kw-surucu-22b-d2p3n104\/","title":{"rendered":"ALLEN-BRADLEY POWERFLEX 0,75 KW S\u00dcR\u00dcC\u00dc 22B-D2P3N104"},"content":{"rendered":"<p>ALLEN-BRADLEY POWERFLEX 0,75 KW S\u00dcR\u00dcC\u00dc 22B-D2P3N104<br \/>\n#A-B, #ALLEN-BRADLEY, #POWERFLEX, #0.75KW, #INVERTER, #S\u00dcR\u00dcC\u00dc, #22B-D2P3N104<\/p>\n","protected":false},"excerpt":{"rendered":"<p>ALLEN-BRADLEY POWERFLEX 0,75 KW S\u00dcR\u00dcC\u00dc 22B-D2P3N104<br \/>\n#A-B, #ALLEN-BRADLEY, #POWERFLEX, #0.75KW, #INVERTER, #S\u00dcR\u00dcC\u00dc, #22B-D2P3N104<\/p>\n","protected":false},"featured_media":3809,"comment_status":"open","ping_status":"closed","template":"","meta":{"om_disable_all_campaigns":false,"_monsterinsights_skip_tracking":false,"_monsterinsights_sitenote_active":false,"_monsterinsights_sitenote_note":"","_monsterinsights_sitenote_category":0,"site-sidebar-layout":"default","site-content-layout":"default","ast-global-header-display":"","ast-main-header-display":"","ast-hfb-above-header-display":"","ast-hfb-below-header-display":"","ast-hfb-mobile-header-display":"","site-post-title":"","ast-breadcrumbs-content":"","ast-featured-img":"","footer-sml-layout":"","theme-transparent-header-meta":"default","adv-header-id-meta":"","stick-header-meta":"","header-above-stick-meta":"","header-main-stick-meta":"","header-below-stick-meta":""},"product_cat":[16,71],"product_tag":[554,555,551,122,552,399,432,230,553,330,67],"aioseo_notices":[],"_links":{"self":[{"href":"https:\/\/invertormerkezi.com\/index.php\/wp-json\/wp\/v2\/product\/3807"}],"collection":[{"href":"https:\/\/invertormerkezi.com\/index.php\/wp-json\/wp\/v2\/product"}],"about":[{"href":"https:\/\/invertormerkezi.com\/index.php\/wp-json\/wp\/v2\/types\/product"}],"replies":[{"embeddable":true,"href":"https:\/\/invertormerkezi.com\/index.php\/wp-json\/wp\/v2\/comments?post=3807"}],"wp:featuredmedia":[{"embeddable":true,"href":"https:\/\/invertormerkezi.com\/index.php\/wp-json\/wp\/v2\/media\/3809"}],"wp:attachment":[{"href":"https:\/\/invertormerkezi.com\/index.php\/wp-json\/wp\/v2\/media?parent=3807"}],"wp:term":[{"taxonomy":"product_cat","embeddable":true,"href":"https:\/\/invertormerkezi.com\/index.php\/wp-json\/wp\/v2\/product_cat?post=3807"},{"taxonomy":"product_tag","embeddable":true,"href":"https:\/\/invertormerkezi.com\/index.php\/wp-json\/wp\/v2\/product_tag?post=3807"}],"curies":[{"name":"wp","href":"https:\/\/api.w.org\/{rel}","templated":true}]}}