{"id":3817,"date":"2026-04-09T17:46:41","date_gmt":"2026-04-09T14:46:41","guid":{"rendered":"https:\/\/invertormerkezi.com\/?post_type=product&#038;p=3817"},"modified":"2026-04-09T17:46:42","modified_gmt":"2026-04-09T14:46:42","slug":"yaskawa-75-kw-servo-surucu-sgdm-75ada","status":"publish","type":"product","link":"https:\/\/invertormerkezi.com\/index.php\/urun\/yaskawa-75-kw-servo-surucu-sgdm-75ada\/","title":{"rendered":"YASKAWA 7,5 KW SERVO S\u00dcR\u00dcC\u00dc SGDM-75ADA"},"content":{"rendered":"<p>YASKAWA 7,5 KW SERVO S\u00dcR\u00dcC\u00dc SGDM-75ADA<br \/>\n#YASKAWA, #7.5KW, #SERVO, #S\u00dcR\u00dcC\u00dc, #SGDM-75ADA<\/p>\n","protected":false},"excerpt":{"rendered":"<p>YASKAWA 7,5 KW SERVO S\u00dcR\u00dcC\u00dc SGDM-75ADA<br \/>\n#YASKAWA, #7.5KW, #SERVO, #S\u00dcR\u00dcC\u00dc, #SGDM-75ADA<a href=\"https:\/\/www.sahibinden.com\/ilan\/ikinci-el-ve-sifir-alisveris-teknik-elektronik-devre-montaj-yaskawa-7,5-kw-servo-surucu-sgdm-75ada-1304036339\/detay\/\" title=\"S\u00fcr\u00fcc\u00fc sat\u0131\u015f ilan\u0131\"><\/a><\/p>\n","protected":false},"featured_media":3819,"comment_status":"open","ping_status":"closed","template":"","meta":{"om_disable_all_campaigns":false,"_monsterinsights_skip_tracking":false,"_monsterinsights_sitenote_active":false,"_monsterinsights_sitenote_note":"","_monsterinsights_sitenote_category":0,"site-sidebar-layout":"default","site-content-layout":"plain-container","ast-global-header-display":"","ast-main-header-display":"","ast-hfb-above-header-display":"","ast-hfb-below-header-display":"","ast-hfb-mobile-header-display":"","site-post-title":"","ast-breadcrumbs-content":"","ast-featured-img":"","footer-sml-layout":"","theme-transparent-header-meta":"default","adv-header-id-meta":"","stick-header-meta":"","header-above-stick-meta":"","header-main-stick-meta":"","header-below-stick-meta":""},"product_cat":[16,105,556,557,119],"product_tag":[399,230,171,163,558,559,67,166],"aioseo_notices":[],"_links":{"self":[{"href":"https:\/\/invertormerkezi.com\/index.php\/wp-json\/wp\/v2\/product\/3817"}],"collection":[{"href":"https:\/\/invertormerkezi.com\/index.php\/wp-json\/wp\/v2\/product"}],"about":[{"href":"https:\/\/invertormerkezi.com\/index.php\/wp-json\/wp\/v2\/types\/product"}],"replies":[{"embeddable":true,"href":"https:\/\/invertormerkezi.com\/index.php\/wp-json\/wp\/v2\/comments?post=3817"}],"wp:featuredmedia":[{"embeddable":true,"href":"https:\/\/invertormerkezi.com\/index.php\/wp-json\/wp\/v2\/media\/3819"}],"wp:attachment":[{"href":"https:\/\/invertormerkezi.com\/index.php\/wp-json\/wp\/v2\/media?parent=3817"}],"wp:term":[{"taxonomy":"product_cat","embeddable":true,"href":"https:\/\/invertormerkezi.com\/index.php\/wp-json\/wp\/v2\/product_cat?post=3817"},{"taxonomy":"product_tag","embeddable":true,"href":"https:\/\/invertormerkezi.com\/index.php\/wp-json\/wp\/v2\/product_tag?post=3817"}],"curies":[{"name":"wp","href":"https:\/\/api.w.org\/{rel}","templated":true}]}}