{"id":766,"date":"2023-01-30T12:44:49","date_gmt":"2023-01-30T09:44:49","guid":{"rendered":"https:\/\/invertormerkezi.com\/?post_type=product&#038;p=766"},"modified":"2023-07-04T10:08:17","modified_gmt":"2023-07-04T07:08:17","slug":"abb-ach480-15-185kw-surucu-hiz-kontrol-cihazi","status":"publish","type":"product","link":"https:\/\/invertormerkezi.com\/index.php\/urun\/abb-ach480-15-185kw-surucu-hiz-kontrol-cihazi\/","title":{"rendered":"ABB ACH480 15\/18,5KW  S\u00dcR\u00dcC\u00dc HIZ KONTROL"},"content":{"rendered":"<p>ACH480-04-039A-4<br \/>\nACH480-04-039A-4 SER\u0130S\u0130 ABB 15\/18,5KW HIZ KONTROL C\u0130HAZI<br \/>\nET\u0130KETLER : #ABB #ACH480 #15 KW #18,5 KW #15\/18,5 KW #S\u00dcR\u00dcC\u00dc #HIZ KONTROL C\u0130HAZI #INVERTOR<\/p>\n","protected":false},"excerpt":{"rendered":"<p>ACH480-04-039A-4<br \/>\nACH480-04-039A-4 SER\u0130S\u0130 ABB 15\/18,5KW HIZ KONTROL C\u0130HAZI<br \/>\nET\u0130KETLER : #ABB #ACH480 #15 KW #18,5 KW #S\u00dcR\u00dcC\u00dc #HIZ KONTROL #INVERTOR<\/p>\n","protected":false},"featured_media":767,"comment_status":"open","ping_status":"closed","template":"","meta":{"om_disable_all_campaigns":false,"_monsterinsights_skip_tracking":false,"_monsterinsights_sitenote_active":false,"_monsterinsights_sitenote_note":"","_monsterinsights_sitenote_category":0,"site-sidebar-layout":"default","site-content-layout":"default","ast-global-header-display":"","ast-main-header-display":"","ast-hfb-above-header-display":"","ast-hfb-below-header-display":"","ast-hfb-mobile-header-display":"","site-post-title":"","ast-breadcrumbs-content":"","ast-featured-img":"","footer-sml-layout":"","theme-transparent-header-meta":"default","adv-header-id-meta":"","stick-header-meta":"","header-above-stick-meta":"","header-main-stick-meta":"","header-below-stick-meta":""},"product_cat":[70,132,294,58],"product_tag":[65,64,66,62,63,68,69,67],"aioseo_notices":[],"_links":{"self":[{"href":"https:\/\/invertormerkezi.com\/index.php\/wp-json\/wp\/v2\/product\/766"}],"collection":[{"href":"https:\/\/invertormerkezi.com\/index.php\/wp-json\/wp\/v2\/product"}],"about":[{"href":"https:\/\/invertormerkezi.com\/index.php\/wp-json\/wp\/v2\/types\/product"}],"replies":[{"embeddable":true,"href":"https:\/\/invertormerkezi.com\/index.php\/wp-json\/wp\/v2\/comments?post=766"}],"wp:featuredmedia":[{"embeddable":true,"href":"https:\/\/invertormerkezi.com\/index.php\/wp-json\/wp\/v2\/media\/767"}],"wp:attachment":[{"href":"https:\/\/invertormerkezi.com\/index.php\/wp-json\/wp\/v2\/media?parent=766"}],"wp:term":[{"taxonomy":"product_cat","embeddable":true,"href":"https:\/\/invertormerkezi.com\/index.php\/wp-json\/wp\/v2\/product_cat?post=766"},{"taxonomy":"product_tag","embeddable":true,"href":"https:\/\/invertormerkezi.com\/index.php\/wp-json\/wp\/v2\/product_tag?post=766"}],"curies":[{"name":"wp","href":"https:\/\/api.w.org\/{rel}","templated":true}]}}