{"id":871,"date":"2023-02-07T12:54:53","date_gmt":"2023-02-07T09:54:53","guid":{"rendered":"https:\/\/invertormerkezi.com\/?post_type=product&#038;p=871"},"modified":"2024-02-21T18:08:41","modified_gmt":"2024-02-21T15:08:41","slug":"abb-acs550-01-012a-4-4kw-hiz-kontrol","status":"publish","type":"product","link":"https:\/\/invertormerkezi.com\/index.php\/urun\/abb-acs550-01-012a-4-4kw-hiz-kontrol\/","title":{"rendered":"ABB ACS550 4KW S\u00dcR\u00dcC\u00dc ACS550-01-012A-4"},"content":{"rendered":"<p>ACS550-01-012A-4<br \/>\nACS550-01-012A-4 SER\u0130S\u0130 ABB 4KW HIZ KONTROL C\u0130HAZI<br \/>\nET\u0130KETLER : #ABB #ACS550 #4 KW #S\u00dcR\u00dcC\u00dc #HIZ KONTROL C\u0130HAZI #INVERTOR<\/p>\n","protected":false},"excerpt":{"rendered":"<p>ACS550-01-012A-4<br \/>\nACS550-01-012A-4 SER\u0130S\u0130 ABB 4KW HIZ KONTROL C\u0130HAZI<br \/>\nET\u0130KETLER : #ABB #ACS550 #4 KW #S\u00dcR\u00dcC\u00dc #HIZ KONTROL C\u0130HAZI #INVERTOR<\/p>\n","protected":false},"featured_media":872,"comment_status":"open","ping_status":"closed","template":"","meta":{"om_disable_all_campaigns":false,"_monsterinsights_skip_tracking":false,"_monsterinsights_sitenote_active":false,"_monsterinsights_sitenote_note":"","_monsterinsights_sitenote_category":0,"site-sidebar-layout":"default","site-content-layout":"default","ast-global-header-display":"","ast-main-header-display":"","ast-hfb-above-header-display":"","ast-hfb-below-header-display":"","ast-hfb-mobile-header-display":"","site-post-title":"","ast-breadcrumbs-content":"","ast-featured-img":"","footer-sml-layout":"","theme-transparent-header-meta":"default","adv-header-id-meta":"","stick-header-meta":"","header-above-stick-meta":"","header-main-stick-meta":"","header-below-stick-meta":""},"product_cat":[70,131,58],"product_tag":[62,377,68,69,67],"aioseo_notices":[],"_links":{"self":[{"href":"https:\/\/invertormerkezi.com\/index.php\/wp-json\/wp\/v2\/product\/871"}],"collection":[{"href":"https:\/\/invertormerkezi.com\/index.php\/wp-json\/wp\/v2\/product"}],"about":[{"href":"https:\/\/invertormerkezi.com\/index.php\/wp-json\/wp\/v2\/types\/product"}],"replies":[{"embeddable":true,"href":"https:\/\/invertormerkezi.com\/index.php\/wp-json\/wp\/v2\/comments?post=871"}],"wp:featuredmedia":[{"embeddable":true,"href":"https:\/\/invertormerkezi.com\/index.php\/wp-json\/wp\/v2\/media\/872"}],"wp:attachment":[{"href":"https:\/\/invertormerkezi.com\/index.php\/wp-json\/wp\/v2\/media?parent=871"}],"wp:term":[{"taxonomy":"product_cat","embeddable":true,"href":"https:\/\/invertormerkezi.com\/index.php\/wp-json\/wp\/v2\/product_cat?post=871"},{"taxonomy":"product_tag","embeddable":true,"href":"https:\/\/invertormerkezi.com\/index.php\/wp-json\/wp\/v2\/product_tag?post=871"}],"curies":[{"name":"wp","href":"https:\/\/api.w.org\/{rel}","templated":true}]}}