{"id":885,"date":"2023-02-07T13:02:53","date_gmt":"2023-02-07T10:02:53","guid":{"rendered":"https:\/\/invertormerkezi.com\/?post_type=product&#038;p=885"},"modified":"2024-02-21T18:05:30","modified_gmt":"2024-02-21T15:05:30","slug":"abb-acs800-01-0011-3-75kw-hiz-kontrol","status":"publish","type":"product","link":"https:\/\/invertormerkezi.com\/index.php\/urun\/abb-acs800-01-0011-3-75kw-hiz-kontrol\/","title":{"rendered":"ABB ACS800 7,5KW S\u00dcR\u00dcC\u00dc ACS800-01-0011-3"},"content":{"rendered":"<p>ACS800-01-0011-3<br \/>\nACS800-01-0011-SER\u0130S\u0130 ABB 7,5KW S\u00dcR\u00dcC\u00dc \/ HIZ KONTROL C\u0130HAZI<br \/>\nET\u0130KETLER : #ABB #ACS800 #7,5 KW #S\u00dcR\u00dcC\u00dc #HIZ KONTROL C\u0130HAZI #INVERTOR<\/p>\n","protected":false},"excerpt":{"rendered":"<p>ACS800-01-0011-3<br \/>\nACS800-01-0011-SER\u0130S\u0130 ABB 7,5KW HIZ KONTROL C\u0130HAZI<br \/>\nET\u0130KETLER : #ABB #ACS800 #7,5 KW #S\u00dcR\u00dcC\u00dc #HIZ KONTROL C\u0130HAZI #INVERTOR<\/p>\n","protected":false},"featured_media":886,"comment_status":"open","ping_status":"closed","template":"","meta":{"om_disable_all_campaigns":false,"_monsterinsights_skip_tracking":false,"_monsterinsights_sitenote_active":false,"_monsterinsights_sitenote_note":"","_monsterinsights_sitenote_category":0,"site-sidebar-layout":"default","site-content-layout":"default","ast-global-header-display":"","ast-main-header-display":"","ast-hfb-above-header-display":"","ast-hfb-below-header-display":"","ast-hfb-mobile-header-display":"","site-post-title":"","ast-breadcrumbs-content":"","ast-featured-img":"","footer-sml-layout":"","theme-transparent-header-meta":"default","adv-header-id-meta":"","stick-header-meta":"","header-above-stick-meta":"","header-main-stick-meta":"","header-below-stick-meta":""},"product_cat":[70,131,294,58],"product_tag":[62,374,68,69,67],"aioseo_notices":[],"_links":{"self":[{"href":"https:\/\/invertormerkezi.com\/index.php\/wp-json\/wp\/v2\/product\/885"}],"collection":[{"href":"https:\/\/invertormerkezi.com\/index.php\/wp-json\/wp\/v2\/product"}],"about":[{"href":"https:\/\/invertormerkezi.com\/index.php\/wp-json\/wp\/v2\/types\/product"}],"replies":[{"embeddable":true,"href":"https:\/\/invertormerkezi.com\/index.php\/wp-json\/wp\/v2\/comments?post=885"}],"wp:featuredmedia":[{"embeddable":true,"href":"https:\/\/invertormerkezi.com\/index.php\/wp-json\/wp\/v2\/media\/886"}],"wp:attachment":[{"href":"https:\/\/invertormerkezi.com\/index.php\/wp-json\/wp\/v2\/media?parent=885"}],"wp:term":[{"taxonomy":"product_cat","embeddable":true,"href":"https:\/\/invertormerkezi.com\/index.php\/wp-json\/wp\/v2\/product_cat?post=885"},{"taxonomy":"product_tag","embeddable":true,"href":"https:\/\/invertormerkezi.com\/index.php\/wp-json\/wp\/v2\/product_tag?post=885"}],"curies":[{"name":"wp","href":"https:\/\/api.w.org\/{rel}","templated":true}]}}