{"id":915,"date":"2023-02-07T13:14:33","date_gmt":"2023-02-07T10:14:33","guid":{"rendered":"https:\/\/invertormerkezi.com\/?post_type=product&#038;p=915"},"modified":"2024-02-21T16:10:56","modified_gmt":"2024-02-21T13:10:56","slug":"abb-1sfa8912r7000-110-kw-hiz-kontrol","status":"publish","type":"product","link":"https:\/\/invertormerkezi.com\/index.php\/urun\/abb-1sfa8912r7000-110-kw-hiz-kontrol\/","title":{"rendered":"ABB PST210 110 KW SOFT STARTER PST210-600-70"},"content":{"rendered":"<p>PST210-600-70<br \/>\nPST210-600-70 SER\u0130S\u0130 ABB 110 KW SOFT STARTER<br \/>\nET\u0130KETLER : #ABB #PST210 #110 KW #SOFT STARTER<\/p>\n","protected":false},"excerpt":{"rendered":"<p>1SFA8912R7000<br \/>\n1SFA8912R7000 SER\u0130S\u0130 ABB 110 KW HIZ KONTROL C\u0130HAZI<br \/>\nET\u0130KETLER : #ABB #PST210 #110 KW #S\u00dcR\u00dcC\u00dc #HIZ KONTROL C\u0130HAZI #INVERTOR<\/p>\n","protected":false},"featured_media":3233,"comment_status":"open","ping_status":"closed","template":"","meta":{"om_disable_all_campaigns":false,"_monsterinsights_skip_tracking":false,"_monsterinsights_sitenote_active":false,"_monsterinsights_sitenote_note":"","_monsterinsights_sitenote_category":0,"site-sidebar-layout":"default","site-content-layout":"default","ast-global-header-display":"","ast-main-header-display":"","ast-hfb-above-header-display":"","ast-hfb-below-header-display":"","ast-hfb-mobile-header-display":"","site-post-title":"","ast-breadcrumbs-content":"","ast-featured-img":"","footer-sml-layout":"","theme-transparent-header-meta":"default","adv-header-id-meta":"","stick-header-meta":"","header-above-stick-meta":"","header-main-stick-meta":"","header-below-stick-meta":""},"product_cat":[70,58,177],"product_tag":[302,62,304,303,314,235],"aioseo_notices":[],"_links":{"self":[{"href":"https:\/\/invertormerkezi.com\/index.php\/wp-json\/wp\/v2\/product\/915"}],"collection":[{"href":"https:\/\/invertormerkezi.com\/index.php\/wp-json\/wp\/v2\/product"}],"about":[{"href":"https:\/\/invertormerkezi.com\/index.php\/wp-json\/wp\/v2\/types\/product"}],"replies":[{"embeddable":true,"href":"https:\/\/invertormerkezi.com\/index.php\/wp-json\/wp\/v2\/comments?post=915"}],"wp:featuredmedia":[{"embeddable":true,"href":"https:\/\/invertormerkezi.com\/index.php\/wp-json\/wp\/v2\/media\/3233"}],"wp:attachment":[{"href":"https:\/\/invertormerkezi.com\/index.php\/wp-json\/wp\/v2\/media?parent=915"}],"wp:term":[{"taxonomy":"product_cat","embeddable":true,"href":"https:\/\/invertormerkezi.com\/index.php\/wp-json\/wp\/v2\/product_cat?post=915"},{"taxonomy":"product_tag","embeddable":true,"href":"https:\/\/invertormerkezi.com\/index.php\/wp-json\/wp\/v2\/product_tag?post=915"}],"curies":[{"name":"wp","href":"https:\/\/api.w.org\/{rel}","templated":true}]}}