{"id":962,"date":"2023-02-07T18:21:41","date_gmt":"2023-02-07T15:21:41","guid":{"rendered":"https:\/\/invertormerkezi.com\/?post_type=product&#038;p=962"},"modified":"2023-07-05T15:57:04","modified_gmt":"2023-07-05T12:57:04","slug":"control-tech-se23400150-15-kw-hiz-kontrol","status":"publish","type":"product","link":"https:\/\/invertormerkezi.com\/index.php\/urun\/control-tech-se23400150-15-kw-hiz-kontrol\/","title":{"rendered":"CONTROL TECH SE23400150 1,5 KW HIZ KONTROL"},"content":{"rendered":"<p>SE23400150 SE 2,5T<br \/>\nSE23400150 SE 2,5T SER\u0130S\u0130 CONTROL TECHNIQUES 1,5 KW HIZ KONTROL C\u0130HAZI<br \/>\n#CONTROL TECHNIQUES #SE #1,5 KW #S\u00dcR\u00dcC\u00dc #HIZ KONTROL C\u0130HAZI #INVERTOR<\/p>\n","protected":false},"excerpt":{"rendered":"<p>SE23400150 SE 2,5T<br \/>\nSE23400150 SE 2,5T SER\u0130S\u0130 CONTROL TECHNIQUES 1,5 KW HIZ KONTROL C\u0130HAZI<br \/>\nET\u0130KETLER : #CONTROL TECHNIQUES #SE #1,5 KW #S\u00dcR\u00dcC\u00dc #HIZ KONTROL C\u0130HAZI #INVERTOR<\/p>\n","protected":false},"featured_media":963,"comment_status":"open","ping_status":"closed","template":"","meta":{"om_disable_all_campaigns":false,"_monsterinsights_skip_tracking":false,"_monsterinsights_sitenote_active":false,"_monsterinsights_sitenote_note":"","_monsterinsights_sitenote_category":0,"site-sidebar-layout":"default","site-content-layout":"default","ast-global-header-display":"","ast-main-header-display":"","ast-hfb-above-header-display":"","ast-hfb-below-header-display":"","ast-hfb-mobile-header-display":"","site-post-title":"","ast-breadcrumbs-content":"","ast-featured-img":"","footer-sml-layout":"","theme-transparent-header-meta":"default","adv-header-id-meta":"","stick-header-meta":"","header-above-stick-meta":"","header-main-stick-meta":"","header-below-stick-meta":""},"product_cat":[75,58,159],"product_tag":[125,68,69,67],"aioseo_notices":[],"_links":{"self":[{"href":"https:\/\/invertormerkezi.com\/index.php\/wp-json\/wp\/v2\/product\/962"}],"collection":[{"href":"https:\/\/invertormerkezi.com\/index.php\/wp-json\/wp\/v2\/product"}],"about":[{"href":"https:\/\/invertormerkezi.com\/index.php\/wp-json\/wp\/v2\/types\/product"}],"replies":[{"embeddable":true,"href":"https:\/\/invertormerkezi.com\/index.php\/wp-json\/wp\/v2\/comments?post=962"}],"wp:featuredmedia":[{"embeddable":true,"href":"https:\/\/invertormerkezi.com\/index.php\/wp-json\/wp\/v2\/media\/963"}],"wp:attachment":[{"href":"https:\/\/invertormerkezi.com\/index.php\/wp-json\/wp\/v2\/media?parent=962"}],"wp:term":[{"taxonomy":"product_cat","embeddable":true,"href":"https:\/\/invertormerkezi.com\/index.php\/wp-json\/wp\/v2\/product_cat?post=962"},{"taxonomy":"product_tag","embeddable":true,"href":"https:\/\/invertormerkezi.com\/index.php\/wp-json\/wp\/v2\/product_tag?post=962"}],"curies":[{"name":"wp","href":"https:\/\/api.w.org\/{rel}","templated":true}]}}